{"id":1231,"date":"2025-03-11T21:32:23","date_gmt":"2025-03-11T21:32:23","guid":{"rendered":"https:\/\/institutososcaatinga.com.br\/2025\/?page_id=1231"},"modified":"2025-03-11T21:53:16","modified_gmt":"2025-03-11T21:53:16","slug":"48-horas-de-aventura-na-caatinga","status":"publish","type":"page","link":"https:\/\/institutososcaatinga.com.br\/2025\/48-horas-de-aventura-na-caatinga\/","title":{"rendered":"48 horas de aventura na caatinga"},"content":{"rendered":"\t\t<div data-elementor-type=\"wp-page\" data-elementor-id=\"1231\" class=\"elementor elementor-1231\" data-elementor-post-type=\"page\">\n\t\t\t\t\t\t<section class=\"elementor-section elementor-top-section elementor-element elementor-element-6007df3 elementor-section-height-min-height elementor-section-boxed elementor-section-height-default elementor-section-items-middle\" data-id=\"6007df3\" data-element_type=\"section\" data-e-type=\"section\" data-settings=\"{&quot;background_background&quot;:&quot;classic&quot;}\">\n\t\t\t\t\t\t\t<div class=\"elementor-background-overlay\"><\/div>\n\t\t\t\t\t\t\t<div class=\"elementor-container elementor-column-gap-default\">\n\t\t\t\t\t<div class=\"elementor-column elementor-col-100 elementor-top-column elementor-element elementor-element-7ecdd21\" data-id=\"7ecdd21\" data-element_type=\"column\" data-e-type=\"column\">\n\t\t\t<div class=\"elementor-widget-wrap elementor-element-populated\">\n\t\t\t\t\t\t<div class=\"elementor-element elementor-element-00a3263 elementor-invisible elementor-widget elementor-widget-heading\" data-id=\"00a3263\" data-element_type=\"widget\" data-e-type=\"widget\" data-settings=\"{&quot;_animation&quot;:&quot;fadeInDown&quot;}\" data-widget_type=\"heading.default\">\n\t\t\t\t<div class=\"elementor-widget-container\">\n\t\t\t\t\t<h2 class=\"elementor-heading-title elementor-size-default\">48 horas de Aventura na caatinga<\/h2>\t\t\t\t<\/div>\n\t\t\t\t<\/div>\n\t\t\t\t<div class=\"elementor-element elementor-element-c99a196 elementor-invisible elementor-widget elementor-widget-text-editor\" data-id=\"c99a196\" data-element_type=\"widget\" data-e-type=\"widget\" data-settings=\"{&quot;_animation&quot;:&quot;fadeInUp&quot;}\" data-widget_type=\"text-editor.default\">\n\t\t\t\t<div class=\"elementor-widget-container\">\n\t\t\t\t\t\t\t\t\t<p>Descubra como atuamos para proteger a Caatinga e promover a sustentabilidade.<\/p>\t\t\t\t\t\t\t\t<\/div>\n\t\t\t\t<\/div>\n\t\t\t\t\t<\/div>\n\t\t<\/div>\n\t\t\t\t\t<\/div>\n\t\t<\/section>\n\t\t<div class=\"elementor-element elementor-element-1d810f33 e-flex e-con-boxed e-con e-parent\" data-id=\"1d810f33\" data-element_type=\"container\" data-e-type=\"container\">\n\t\t\t\t\t<div class=\"e-con-inner\">\n\t\t\t\t<div class=\"elementor-element elementor-element-42410859 elementor-widget elementor-widget-text-editor\" data-id=\"42410859\" data-element_type=\"widget\" data-e-type=\"widget\" data-widget_type=\"text-editor.default\">\n\t\t\t\t<div class=\"elementor-widget-container\">\n\t\t\t\t\t\t\t\t\t\n<p>O \u201c48 Horas de Aventura na Caatinga\u201d nasceu em\u00a02016, ap\u00f3s integrantes do Instituto SOS Caatinga (ISC) passarem alguns dias acampando em meio \u00e0 Caatinga, como forma de descanso da viv\u00eancia urbana e de mais contato com a Natureza.<\/p>\n\n<p>Ap\u00f3s amigos pr\u00f3ximos aderirem a ideia de acampar em um ambiente\u00a0 considerado hostil para muitos, os integrantes sentiram a necessidade de tornar a viv\u00eancia coletiva e mais enriquecedora: gerar conhecimento sobre um dos biomas menos estudados do Brasil &#8211; sendo ele exclusivamente brasileiro.<\/p>\n\n<p>As atividades de palestras e pr\u00e1ticas s\u00e3o ministradas por profissionais de todo o Brasil, cujo intuito \u00e9 divulgar pesquisas que v\u00eam sendo realizadas na Caatinga de outros estados, bem como adaptar pesquisas desenvolvidas em outros biomas, com outras esp\u00e9cies, a serem aplicadas na nossa regi\u00e3o.<\/p>\n\n<p>O projeto ocorre uma vez ao ano, sempre na regi\u00e3o semi\u00e1rida alagoana. Devido a Pandemia do COVID, em 2020 e 2021 o evento n\u00e3o foi realizado, estando atualmente, na sua 8\u00b0 edi\u00e7\u00e3o.<\/p>\n\t\t\t\t\t\t\t\t<\/div>\n\t\t\t\t<\/div>\n\t\t\t\t\t<\/div>\n\t\t\t\t<\/div>\n\t\t\t\t<\/div>\n\t\t","protected":false},"excerpt":{"rendered":"<p>48 horas de Aventura na caatinga Descubra como atuamos para proteger a Caatinga e promover a sustentabilidade. O \u201c48 Horas de Aventura na Caatinga\u201d nasceu em\u00a02016, ap\u00f3s integrantes do Instituto SOS Caatinga (ISC) passarem alguns dias acampando em meio \u00e0 Caatinga, como forma de descanso da viv\u00eancia urbana e de mais contato com a Natureza. [&hellip;]<\/p>\n","protected":false},"author":2,"featured_media":0,"parent":0,"menu_order":0,"comment_status":"closed","ping_status":"closed","template":"elementor_header_footer","meta":{"footnotes":""},"class_list":["post-1231","page","type-page","status-publish","hentry"],"_links":{"self":[{"href":"https:\/\/institutososcaatinga.com.br\/2025\/wp-json\/wp\/v2\/pages\/1231","targetHints":{"allow":["GET"]}}],"collection":[{"href":"https:\/\/institutososcaatinga.com.br\/2025\/wp-json\/wp\/v2\/pages"}],"about":[{"href":"https:\/\/institutososcaatinga.com.br\/2025\/wp-json\/wp\/v2\/types\/page"}],"author":[{"embeddable":true,"href":"https:\/\/institutososcaatinga.com.br\/2025\/wp-json\/wp\/v2\/users\/2"}],"replies":[{"embeddable":true,"href":"https:\/\/institutososcaatinga.com.br\/2025\/wp-json\/wp\/v2\/comments?post=1231"}],"version-history":[{"count":14,"href":"https:\/\/institutososcaatinga.com.br\/2025\/wp-json\/wp\/v2\/pages\/1231\/revisions"}],"predecessor-version":[{"id":1262,"href":"https:\/\/institutososcaatinga.com.br\/2025\/wp-json\/wp\/v2\/pages\/1231\/revisions\/1262"}],"wp:attachment":[{"href":"https:\/\/institutososcaatinga.com.br\/2025\/wp-json\/wp\/v2\/media?parent=1231"}],"curies":[{"name":"wp","href":"https:\/\/api.w.org\/{rel}","templated":true}]}}