{"id":124,"date":"2025-02-03T00:16:41","date_gmt":"2025-02-03T00:16:41","guid":{"rendered":"https:\/\/institutososcaatinga.com.br\/2025\/?page_id=124"},"modified":"2025-02-23T16:52:31","modified_gmt":"2025-02-23T16:52:31","slug":"resgate-de-fauna","status":"publish","type":"page","link":"https:\/\/institutososcaatinga.com.br\/2025\/resgate-de-fauna\/","title":{"rendered":"Resgate de Fauna"},"content":{"rendered":"\t\t<div data-elementor-type=\"wp-page\" data-elementor-id=\"124\" class=\"elementor elementor-124\" data-elementor-post-type=\"page\">\n\t\t\t\t\t\t<section class=\"elementor-section elementor-top-section elementor-element elementor-element-9279471 elementor-section-height-min-height elementor-section-boxed elementor-section-height-default elementor-section-items-middle\" data-id=\"9279471\" data-element_type=\"section\" data-e-type=\"section\" data-settings=\"{&quot;background_background&quot;:&quot;classic&quot;}\">\n\t\t\t\t\t\t\t<div class=\"elementor-background-overlay\"><\/div>\n\t\t\t\t\t\t\t<div class=\"elementor-container elementor-column-gap-default\">\n\t\t\t\t\t<div class=\"elementor-column elementor-col-100 elementor-top-column elementor-element elementor-element-10dcc06\" data-id=\"10dcc06\" data-element_type=\"column\" data-e-type=\"column\">\n\t\t\t<div class=\"elementor-widget-wrap elementor-element-populated\">\n\t\t\t\t\t\t<div class=\"elementor-element elementor-element-ac0cc25 elementor-invisible elementor-widget elementor-widget-heading\" data-id=\"ac0cc25\" data-element_type=\"widget\" data-e-type=\"widget\" data-settings=\"{&quot;_animation&quot;:&quot;fadeInDown&quot;}\" data-widget_type=\"heading.default\">\n\t\t\t\t<div class=\"elementor-widget-container\">\n\t\t\t\t\t<h2 class=\"elementor-heading-title elementor-size-default\">Resgate de Fauna<\/h2>\t\t\t\t<\/div>\n\t\t\t\t<\/div>\n\t\t\t\t<div class=\"elementor-element elementor-element-37f8f31 elementor-invisible elementor-widget elementor-widget-text-editor\" data-id=\"37f8f31\" data-element_type=\"widget\" data-e-type=\"widget\" data-settings=\"{&quot;_animation&quot;:&quot;fadeInUp&quot;}\" data-widget_type=\"text-editor.default\">\n\t\t\t\t<div class=\"elementor-widget-container\">\n\t\t\t\t\t\t\t\t\t<p>Descubra como atuamos para proteger a Caatinga e promover a sustentabilidade.<\/p>\t\t\t\t\t\t\t\t<\/div>\n\t\t\t\t<\/div>\n\t\t\t\t\t<\/div>\n\t\t<\/div>\n\t\t\t\t\t<\/div>\n\t\t<\/section>\n\t\t<div class=\"elementor-element elementor-element-46ef9ee9 e-flex e-con-boxed e-con e-parent\" data-id=\"46ef9ee9\" data-element_type=\"container\" data-e-type=\"container\">\n\t\t\t\t\t<div class=\"e-con-inner\">\n\t\t\t\t<div class=\"elementor-element elementor-element-249d9b26 elementor-widget elementor-widget-text-editor\" data-id=\"249d9b26\" data-element_type=\"widget\" data-e-type=\"widget\" data-widget_type=\"text-editor.default\">\n\t\t\t\t<div class=\"elementor-widget-container\">\n\t\t\t\t\t\t\t\t\t<p>O servi\u00e7o de resgate de fauna \u00e9 fundamental para a preserva\u00e7\u00e3o da biodiversidade e para a mitiga\u00e7\u00e3o dos impactos causados por atividades humanas em ecossistemas naturais. Este servi\u00e7o envolve a captura, transporte e realoca\u00e7\u00e3o segura de animais silvestres que se encontram em \u00e1reas de risco devido a empreendimentos como constru\u00e7\u00e3o civil, minera\u00e7\u00e3o, agricultura e expans\u00e3o urbana.<\/p><p><strong>Planejamento e Prepara\u00e7\u00e3o<\/strong><\/p><p>O primeiro passo no resgate de fauna \u00e9 a realiza\u00e7\u00e3o de um estudo detalhado da \u00e1rea de interven\u00e7\u00e3o. Isso inclui a identifica\u00e7\u00e3o das esp\u00e9cies presentes, suas rotas de migra\u00e7\u00e3o, h\u00e1bitos alimentares e \u00e1reas de ref\u00fagio. Este estudo \u00e9 essencial para o planejamento das a\u00e7\u00f5es de resgate e para a minimiza\u00e7\u00e3o dos impactos sobre a fauna local.<\/p><p><strong>Execu\u00e7\u00e3o do Resgate<\/strong><\/p><p>A captura dos animais deve ser realizada utilizando t\u00e9cnicas e equipamentos que minimizem o estresse e o risco de ferimentos. M\u00e9todos como armadilhas, redes e captura manual s\u00e3o usados conforme a esp\u00e9cie e o ambiente. Uma vez capturados, os animais passam por uma avalia\u00e7\u00e3o veterin\u00e1ria para identificar poss\u00edveis les\u00f5es ou condi\u00e7\u00f5es de sa\u00fade que necessitem de interven\u00e7\u00e3o.<\/p><p><strong>Monitoramento P\u00f3s-Soltura<\/strong><\/p><p>Ap\u00f3s a soltura, \u00e9 fundamental realizar um monitoramento cont\u00ednuo dos animais realocados. Este acompanhamento permite avaliar a adapta\u00e7\u00e3o dos animais ao novo ambiente e a efic\u00e1cia das a\u00e7\u00f5es de resgate. Relat\u00f3rios detalhados sobre o processo de resgate e os resultados obtidos s\u00e3o elaborados e compartilhados com os \u00f3rg\u00e3os ambientais e demais partes interessadas.<\/p><p><strong>Import\u00e2ncia do Resgate de Fauna<\/strong><\/p><p>O resgate de fauna \u00e9 essencial para a conserva\u00e7\u00e3o da biodiversidade, contribuindo para a preserva\u00e7\u00e3o de esp\u00e9cies amea\u00e7adas e para a manuten\u00e7\u00e3o do equil\u00edbrio ecol\u00f3gico. Este servi\u00e7o tamb\u00e9m ajuda a minimizar os conflitos entre a fauna silvestre e as atividades humanas, reduzindo os impactos negativos sobre os ecossistemas.<\/p><p><strong>Benef\u00edcios para as Empresas e a Sociedade<\/strong><\/p><p>Para as empresas, a implementa\u00e7\u00e3o de programas de resgate de fauna demonstra um compromisso com a sustentabilidade e a responsabilidade socioambiental, melhorando sua imagem perante clientes, investidores e a comunidade. Adicionalmente, o cumprimento das exig\u00eancias legais relacionadas ao licenciamento ambiental pode evitar multas e san\u00e7\u00f5es, al\u00e9m de promover um desenvolvimento mais harmonioso com o meio ambiente.<\/p><p>Se voc\u00ea gostou do que leu e deseja saber mais sobre como podemos ajudar sua empresa ou organiza\u00e7\u00e3o com nossos servi\u00e7os, entre em contato conosco e solicite um or\u00e7amento personalizado. Estamos prontos para colaborar e construir um futuro mais sustent\u00e1vel juntos.<\/p>\t\t\t\t\t\t\t\t<\/div>\n\t\t\t\t<\/div>\n\t\t\t\t<div class=\"elementor-element elementor-element-1ea21bd elementor-align-center elementor-widget elementor-widget-button\" data-id=\"1ea21bd\" data-element_type=\"widget\" data-e-type=\"widget\" data-widget_type=\"button.default\">\n\t\t\t\t<div class=\"elementor-widget-container\">\n\t\t\t\t\t\t\t\t\t<div class=\"elementor-button-wrapper\">\n\t\t\t\t\t<a class=\"elementor-button elementor-button-link elementor-size-sm elementor-animation-pulse\" href=\"https:\/\/wa.me\/5582993174469?text=Gostaria%20de%20agendar%20um%20or%C3%A7amento%20para%20consultoria%20ambiental%3F\">\n\t\t\t\t\t\t<span class=\"elementor-button-content-wrapper\">\n\t\t\t\t\t\t<span class=\"elementor-button-icon\">\n\t\t\t\t<svg aria-hidden=\"true\" class=\"e-font-icon-svg e-fab-whatsapp\" viewBox=\"0 0 448 512\" xmlns=\"http:\/\/www.w3.org\/2000\/svg\"><path d=\"M380.9 97.1C339 55.1 283.2 32 223.9 32c-122.4 0-222 99.6-222 222 0 39.1 10.2 77.3 29.6 111L0 480l117.7-30.9c32.4 17.7 68.9 27 106.1 27h.1c122.3 0 224.1-99.6 224.1-222 0-59.3-25.2-115-67.1-157zm-157 341.6c-33.2 0-65.7-8.9-94-25.7l-6.7-4-69.8 18.3L72 359.2l-4.4-7c-18.5-29.4-28.2-63.3-28.2-98.2 0-101.7 82.8-184.5 184.6-184.5 49.3 0 95.6 19.2 130.4 54.1 34.8 34.9 56.2 81.2 56.1 130.5 0 101.8-84.9 184.6-186.6 184.6zm101.2-138.2c-5.5-2.8-32.8-16.2-37.9-18-5.1-1.9-8.8-2.8-12.5 2.8-3.7 5.6-14.3 18-17.6 21.8-3.2 3.7-6.5 4.2-12 1.4-32.6-16.3-54-29.1-75.5-66-5.7-9.8 5.7-9.1 16.3-30.3 1.8-3.7.9-6.9-.5-9.7-1.4-2.8-12.5-30.1-17.1-41.2-4.5-10.8-9.1-9.3-12.5-9.5-3.2-.2-6.9-.2-10.6-.2-3.7 0-9.7 1.4-14.8 6.9-5.1 5.6-19.4 19-19.4 46.3 0 27.3 19.9 53.7 22.6 57.4 2.8 3.7 39.1 59.7 94.8 83.8 35.2 15.2 49 16.5 66.6 13.9 10.7-1.6 32.8-13.4 37.4-26.4 4.6-13 4.6-24.1 3.2-26.4-1.3-2.5-5-3.9-10.5-6.6z\"><\/path><\/svg>\t\t\t<\/span>\n\t\t\t\t\t\t\t\t\t<span class=\"elementor-button-text\">Agendar Or\u00e7amento<\/span>\n\t\t\t\t\t<\/span>\n\t\t\t\t\t<\/a>\n\t\t\t\t<\/div>\n\t\t\t\t\t\t\t\t<\/div>\n\t\t\t\t<\/div>\n\t\t\t\t\t<\/div>\n\t\t\t\t<\/div>\n\t\t\t\t<\/div>\n\t\t","protected":false},"excerpt":{"rendered":"<p>Resgate de Fauna Descubra como atuamos para proteger a Caatinga e promover a sustentabilidade. O servi\u00e7o de resgate de fauna \u00e9 fundamental para a preserva\u00e7\u00e3o da biodiversidade e para a mitiga\u00e7\u00e3o dos impactos causados por atividades humanas em ecossistemas naturais. Este servi\u00e7o envolve a captura, transporte e realoca\u00e7\u00e3o segura de animais silvestres que se encontram [&hellip;]<\/p>\n","protected":false},"author":1,"featured_media":0,"parent":0,"menu_order":0,"comment_status":"closed","ping_status":"closed","template":"elementor_header_footer","meta":{"footnotes":""},"class_list":["post-124","page","type-page","status-publish","hentry"],"_links":{"self":[{"href":"https:\/\/institutososcaatinga.com.br\/2025\/wp-json\/wp\/v2\/pages\/124","targetHints":{"allow":["GET"]}}],"collection":[{"href":"https:\/\/institutososcaatinga.com.br\/2025\/wp-json\/wp\/v2\/pages"}],"about":[{"href":"https:\/\/institutososcaatinga.com.br\/2025\/wp-json\/wp\/v2\/types\/page"}],"author":[{"embeddable":true,"href":"https:\/\/institutososcaatinga.com.br\/2025\/wp-json\/wp\/v2\/users\/1"}],"replies":[{"embeddable":true,"href":"https:\/\/institutososcaatinga.com.br\/2025\/wp-json\/wp\/v2\/comments?post=124"}],"version-history":[{"count":14,"href":"https:\/\/institutososcaatinga.com.br\/2025\/wp-json\/wp\/v2\/pages\/124\/revisions"}],"predecessor-version":[{"id":918,"href":"https:\/\/institutososcaatinga.com.br\/2025\/wp-json\/wp\/v2\/pages\/124\/revisions\/918"}],"wp:attachment":[{"href":"https:\/\/institutososcaatinga.com.br\/2025\/wp-json\/wp\/v2\/media?parent=124"}],"curies":[{"name":"wp","href":"https:\/\/api.w.org\/{rel}","templated":true}]}}