{"id":1263,"date":"2025-03-11T22:01:46","date_gmt":"2025-03-11T22:01:46","guid":{"rendered":"https:\/\/institutososcaatinga.com.br\/2025\/?page_id=1263"},"modified":"2025-04-15T22:16:40","modified_gmt":"2025-04-15T22:16:40","slug":"projeto-macaco-prego-galego","status":"publish","type":"page","link":"https:\/\/institutososcaatinga.com.br\/2025\/projeto-macaco-prego-galego\/","title":{"rendered":"Projeto Macaco-Prego-Galego"},"content":{"rendered":"\t\t<div data-elementor-type=\"wp-page\" data-elementor-id=\"1263\" class=\"elementor elementor-1263\" data-elementor-post-type=\"page\">\n\t\t\t\t\t\t<section class=\"elementor-section elementor-top-section elementor-element elementor-element-ca62a8e elementor-section-height-min-height elementor-section-boxed elementor-section-height-default elementor-section-items-middle\" data-id=\"ca62a8e\" data-element_type=\"section\" data-e-type=\"section\" data-settings=\"{&quot;background_background&quot;:&quot;classic&quot;}\">\n\t\t\t\t\t\t\t<div class=\"elementor-background-overlay\"><\/div>\n\t\t\t\t\t\t\t<div class=\"elementor-container elementor-column-gap-default\">\n\t\t\t\t\t<div class=\"elementor-column elementor-col-100 elementor-top-column elementor-element elementor-element-8640c54\" data-id=\"8640c54\" data-element_type=\"column\" data-e-type=\"column\">\n\t\t\t<div class=\"elementor-widget-wrap elementor-element-populated\">\n\t\t\t\t\t\t<div class=\"elementor-element elementor-element-8ce8238 elementor-invisible elementor-widget elementor-widget-heading\" data-id=\"8ce8238\" data-element_type=\"widget\" data-e-type=\"widget\" data-settings=\"{&quot;_animation&quot;:&quot;fadeInDown&quot;}\" data-widget_type=\"heading.default\">\n\t\t\t\t<div class=\"elementor-widget-container\">\n\t\t\t\t\t<h2 class=\"elementor-heading-title elementor-size-default\">Projeto Macaco-Prego-Galego<\/h2>\t\t\t\t<\/div>\n\t\t\t\t<\/div>\n\t\t\t\t<div class=\"elementor-element elementor-element-c7bc839 elementor-invisible elementor-widget elementor-widget-text-editor\" data-id=\"c7bc839\" data-element_type=\"widget\" data-e-type=\"widget\" data-settings=\"{&quot;_animation&quot;:&quot;fadeInUp&quot;}\" data-widget_type=\"text-editor.default\">\n\t\t\t\t<div class=\"elementor-widget-container\">\n\t\t\t\t\t\t\t\t\t<p>Descubra como atuamos para proteger a Caatinga e promover a sustentabilidade.<\/p>\t\t\t\t\t\t\t\t<\/div>\n\t\t\t\t<\/div>\n\t\t\t\t\t<\/div>\n\t\t<\/div>\n\t\t\t\t\t<\/div>\n\t\t<\/section>\n\t\t<div class=\"elementor-element elementor-element-fa22fa8 e-flex e-con-boxed e-con e-parent\" data-id=\"fa22fa8\" data-element_type=\"container\" data-e-type=\"container\">\n\t\t\t\t\t<div class=\"e-con-inner\">\n\t\t\t\t<div class=\"elementor-element elementor-element-ddeec6f elementor-widget elementor-widget-text-editor\" data-id=\"ddeec6f\" data-element_type=\"widget\" data-e-type=\"widget\" data-widget_type=\"text-editor.default\">\n\t\t\t\t<div class=\"elementor-widget-container\">\n\t\t\t\t\t\t\t\t\t<p>O macaco-prego-galego ( Sapajus flavius ) \u00e9 um primata amea\u00e7ada de extin\u00e7\u00e3o e um s\u00edmbolo da biodiversidade da Caatinga, refor\u00e7ando a urg\u00eancia na prote\u00e7\u00e3o do seu habitat natural. Atualmente, a esp\u00e9cie est\u00e1 ocorrendo como &#8220;Em Perigo&#8221; nas listas vermelhas de esp\u00e9cies amea\u00e7adas, tanto na classifica\u00e7\u00e3o nacional quanto na Uni\u00e3o Internacional para Conserva\u00e7\u00e3o da Natureza (IUCN) (Valen\u00e7a-Montenegro et al., 2020).<\/p><p>A gravidade da situa\u00e7\u00e3o dessa primata \u00e9 evidenciada pelo fato de que ele j\u00e1 esteve entre os 25 primatas mais amea\u00e7ados do mundo , segundo Mittermeier et al. (2012). Sua hist\u00f3ria \u00e9 marcada por um redecobrimento surpreendente: ap\u00f3s mais de 200 anos considerados extintos na natureza, o macaco-prego-galego foi reencontrado em 2006 na Mata Atl\u00e2ntica (Oliveira e Langguth, 2006), tornando sua conserva\u00e7\u00e3o ainda mais urgente. Na Caatinga, os primeiros registros cient\u00edficos da esp\u00e9cie foram feitos pelo Instituto SOS Caatinga em 2016 , consolidando novas perspectivas para sua preserva\u00e7\u00e3o.<\/p><p>No estado de Alagoas , essa primata habita \u00e1reas de Caatinga em pelo menos dez munic\u00edpios , conforme mapeamento realizado pelo Instituto SOS Caatinga. Sua apar\u00eancia elegante chama a aten\u00e7\u00e3o: sua pelagem varia entre amarelo-camur\u00e7a e castanho amarelado , com algumas regi\u00f5es apresentando tons de amarelo avermelho .<\/p><p>Reconhecendo a import\u00e2ncia dessa esp\u00e9cie e das amea\u00e7as que enfrentam, foi criado, em 2023, o Plano Estadual para Conserva\u00e7\u00e3o do Macaco-Prego-Galego na Caatinga de Alagoas (PAE-GALEGO) . Esse plano estabelece diretrizes para a conserva\u00e7\u00e3o da esp\u00e9cie a curto, m\u00e9dio e longo prazo , garantindo a preserva\u00e7\u00e3o das leis do macaco-prego-galego e a prote\u00e7\u00e3o de seus habitats.<\/p><p>A defesa dessa esp\u00e9cie \u00e9 essencial para manter o equil\u00edbrio ecol\u00f3gico da Caatinga. Apoie essa causa e ajude a garantir um futuro para o macaco-prego-galego!<\/p>\t\t\t\t\t\t\t\t<\/div>\n\t\t\t\t<\/div>\n\t\t\t\t\t<\/div>\n\t\t\t\t<\/div>\n\t\t<div class=\"elementor-element elementor-element-efeefcc e-flex e-con-boxed e-con e-parent\" data-id=\"efeefcc\" data-element_type=\"container\" data-e-type=\"container\">\n\t\t\t\t\t<div class=\"e-con-inner\">\n\t\t\t\t<div class=\"elementor-element elementor-element-ecee80b elementor-widget elementor-widget-gallery\" data-id=\"ecee80b\" data-element_type=\"widget\" data-e-type=\"widget\" data-settings=\"{&quot;lazyload&quot;:&quot;yes&quot;,&quot;gallery_layout&quot;:&quot;grid&quot;,&quot;columns&quot;:4,&quot;columns_tablet&quot;:2,&quot;columns_mobile&quot;:1,&quot;gap&quot;:{&quot;unit&quot;:&quot;px&quot;,&quot;size&quot;:10,&quot;sizes&quot;:[]},&quot;gap_tablet&quot;:{&quot;unit&quot;:&quot;px&quot;,&quot;size&quot;:10,&quot;sizes&quot;:[]},&quot;gap_mobile&quot;:{&quot;unit&quot;:&quot;px&quot;,&quot;size&quot;:10,&quot;sizes&quot;:[]},&quot;link_to&quot;:&quot;file&quot;,&quot;aspect_ratio&quot;:&quot;3:2&quot;,&quot;overlay_background&quot;:&quot;yes&quot;,&quot;content_hover_animation&quot;:&quot;fade-in&quot;}\" data-widget_type=\"gallery.default\">\n\t\t\t\t<div class=\"elementor-widget-container\">\n\t\t\t\t\t\t\t<div class=\"elementor-gallery__container\">\n\t\t\t\t\t\t\t<a class=\"e-gallery-item elementor-gallery-item elementor-animated-content\" href=\"https:\/\/institutososcaatinga.com.br\/2025\/wp-content\/uploads\/2025\/03\/mac5.jpg\" data-elementor-open-lightbox=\"yes\" data-elementor-lightbox-slideshow=\"ecee80b\" data-elementor-lightbox-title=\"mac5\" data-e-action-hash=\"#elementor-action%3Aaction%3Dlightbox%26settings%3DeyJpZCI6MTM0MywidXJsIjoiaHR0cHM6XC9cL2luc3RpdHV0b3Nvc2NhYXRpbmdhLmNvbS5iclwvMjAyNVwvd3AtY29udGVudFwvdXBsb2Fkc1wvMjAyNVwvMDNcL21hYzUuanBnIiwic2xpZGVzaG93IjoiZWNlZTgwYiJ9\">\n\t\t\t\t\t<div class=\"e-gallery-image elementor-gallery-item__image\" data-thumbnail=\"https:\/\/institutososcaatinga.com.br\/2025\/wp-content\/uploads\/2025\/03\/mac5.jpg\" data-width=\"600\" data-height=\"400\" aria-label=\"\" role=\"img\" ><\/div>\n\t\t\t\t\t\t\t\t\t\t\t<div class=\"elementor-gallery-item__overlay\"><\/div>\n\t\t\t\t\t\t\t\t\t\t\t\t\t\t<\/a>\n\t\t\t\t\t\t\t<a class=\"e-gallery-item elementor-gallery-item elementor-animated-content\" href=\"https:\/\/institutososcaatinga.com.br\/2025\/wp-content\/uploads\/2025\/03\/mac1.jpg\" data-elementor-open-lightbox=\"yes\" data-elementor-lightbox-slideshow=\"ecee80b\" data-elementor-lightbox-title=\"mac1\" data-e-action-hash=\"#elementor-action%3Aaction%3Dlightbox%26settings%3DeyJpZCI6MTM0NCwidXJsIjoiaHR0cHM6XC9cL2luc3RpdHV0b3Nvc2NhYXRpbmdhLmNvbS5iclwvMjAyNVwvd3AtY29udGVudFwvdXBsb2Fkc1wvMjAyNVwvMDNcL21hYzEuanBnIiwic2xpZGVzaG93IjoiZWNlZTgwYiJ9\">\n\t\t\t\t\t<div class=\"e-gallery-image elementor-gallery-item__image\" data-thumbnail=\"https:\/\/institutososcaatinga.com.br\/2025\/wp-content\/uploads\/2025\/03\/mac1.jpg\" data-width=\"600\" data-height=\"400\" aria-label=\"\" role=\"img\" ><\/div>\n\t\t\t\t\t\t\t\t\t\t\t<div class=\"elementor-gallery-item__overlay\"><\/div>\n\t\t\t\t\t\t\t\t\t\t\t\t\t\t<\/a>\n\t\t\t\t\t\t\t<a class=\"e-gallery-item elementor-gallery-item elementor-animated-content\" href=\"https:\/\/institutososcaatinga.com.br\/2025\/wp-content\/uploads\/2025\/03\/mac2.jpg\" data-elementor-open-lightbox=\"yes\" data-elementor-lightbox-slideshow=\"ecee80b\" data-elementor-lightbox-title=\"mac2\" data-e-action-hash=\"#elementor-action%3Aaction%3Dlightbox%26settings%3DeyJpZCI6MTM0NSwidXJsIjoiaHR0cHM6XC9cL2luc3RpdHV0b3Nvc2NhYXRpbmdhLmNvbS5iclwvMjAyNVwvd3AtY29udGVudFwvdXBsb2Fkc1wvMjAyNVwvMDNcL21hYzIuanBnIiwic2xpZGVzaG93IjoiZWNlZTgwYiJ9\">\n\t\t\t\t\t<div class=\"e-gallery-image elementor-gallery-item__image\" data-thumbnail=\"https:\/\/institutososcaatinga.com.br\/2025\/wp-content\/uploads\/2025\/03\/mac2.jpg\" data-width=\"600\" data-height=\"400\" aria-label=\"\" role=\"img\" ><\/div>\n\t\t\t\t\t\t\t\t\t\t\t<div class=\"elementor-gallery-item__overlay\"><\/div>\n\t\t\t\t\t\t\t\t\t\t\t\t\t\t<\/a>\n\t\t\t\t\t\t\t<a class=\"e-gallery-item elementor-gallery-item elementor-animated-content\" href=\"https:\/\/institutososcaatinga.com.br\/2025\/wp-content\/uploads\/2025\/03\/mac4.jpg\" data-elementor-open-lightbox=\"yes\" data-elementor-lightbox-slideshow=\"ecee80b\" data-elementor-lightbox-title=\"mac4\" data-e-action-hash=\"#elementor-action%3Aaction%3Dlightbox%26settings%3DeyJpZCI6MTM0NywidXJsIjoiaHR0cHM6XC9cL2luc3RpdHV0b3Nvc2NhYXRpbmdhLmNvbS5iclwvMjAyNVwvd3AtY29udGVudFwvdXBsb2Fkc1wvMjAyNVwvMDNcL21hYzQuanBnIiwic2xpZGVzaG93IjoiZWNlZTgwYiJ9\">\n\t\t\t\t\t<div class=\"e-gallery-image elementor-gallery-item__image\" data-thumbnail=\"https:\/\/institutososcaatinga.com.br\/2025\/wp-content\/uploads\/2025\/03\/mac4.jpg\" data-width=\"600\" data-height=\"400\" aria-label=\"\" role=\"img\" ><\/div>\n\t\t\t\t\t\t\t\t\t\t\t<div class=\"elementor-gallery-item__overlay\"><\/div>\n\t\t\t\t\t\t\t\t\t\t\t\t\t\t<\/a>\n\t\t\t\t\t<\/div>\n\t\t\t\t\t<\/div>\n\t\t\t\t<\/div>\n\t\t\t\t\t<\/div>\n\t\t\t\t<\/div>\n\t\t\t\t<\/div>\n\t\t","protected":false},"excerpt":{"rendered":"<p>Projeto Macaco-Prego-Galego Descubra como atuamos para proteger a Caatinga e promover a sustentabilidade. O macaco-prego-galego ( Sapajus flavius ) \u00e9 um primata amea\u00e7ada de extin\u00e7\u00e3o e um s\u00edmbolo da biodiversidade da Caatinga, refor\u00e7ando a urg\u00eancia na prote\u00e7\u00e3o do seu habitat natural. Atualmente, a esp\u00e9cie est\u00e1 ocorrendo como &#8220;Em Perigo&#8221; nas listas vermelhas de esp\u00e9cies amea\u00e7adas, [&hellip;]<\/p>\n","protected":false},"author":2,"featured_media":0,"parent":0,"menu_order":0,"comment_status":"closed","ping_status":"closed","template":"elementor_header_footer","meta":{"footnotes":""},"class_list":["post-1263","page","type-page","status-publish","hentry"],"_links":{"self":[{"href":"https:\/\/institutososcaatinga.com.br\/2025\/wp-json\/wp\/v2\/pages\/1263","targetHints":{"allow":["GET"]}}],"collection":[{"href":"https:\/\/institutososcaatinga.com.br\/2025\/wp-json\/wp\/v2\/pages"}],"about":[{"href":"https:\/\/institutososcaatinga.com.br\/2025\/wp-json\/wp\/v2\/types\/page"}],"author":[{"embeddable":true,"href":"https:\/\/institutososcaatinga.com.br\/2025\/wp-json\/wp\/v2\/users\/2"}],"replies":[{"embeddable":true,"href":"https:\/\/institutososcaatinga.com.br\/2025\/wp-json\/wp\/v2\/comments?post=1263"}],"version-history":[{"count":17,"href":"https:\/\/institutososcaatinga.com.br\/2025\/wp-json\/wp\/v2\/pages\/1263\/revisions"}],"predecessor-version":[{"id":2069,"href":"https:\/\/institutososcaatinga.com.br\/2025\/wp-json\/wp\/v2\/pages\/1263\/revisions\/2069"}],"wp:attachment":[{"href":"https:\/\/institutososcaatinga.com.br\/2025\/wp-json\/wp\/v2\/media?parent=1263"}],"curies":[{"name":"wp","href":"https:\/\/api.w.org\/{rel}","templated":true}]}}