{"id":17,"date":"2025-02-02T21:12:23","date_gmt":"2025-02-02T21:12:23","guid":{"rendered":"https:\/\/institutososcaatinga.com.br\/2025\/?page_id=17"},"modified":"2025-10-13T15:31:29","modified_gmt":"2025-10-13T15:31:29","slug":"quem-somos","status":"publish","type":"page","link":"https:\/\/institutososcaatinga.com.br\/2025\/quem-somos\/","title":{"rendered":"Quem Somos"},"content":{"rendered":"\t\t<div data-elementor-type=\"wp-page\" data-elementor-id=\"17\" class=\"elementor elementor-17\" data-elementor-post-type=\"page\">\n\t\t\t\t\t\t<section class=\"elementor-section elementor-top-section elementor-element elementor-element-f087129 elementor-section-height-min-height elementor-section-boxed elementor-section-height-default elementor-section-items-middle\" data-id=\"f087129\" data-element_type=\"section\" data-e-type=\"section\" data-settings=\"{&quot;background_background&quot;:&quot;classic&quot;}\">\n\t\t\t\t\t\t\t<div class=\"elementor-background-overlay\"><\/div>\n\t\t\t\t\t\t\t<div class=\"elementor-container elementor-column-gap-default\">\n\t\t\t\t\t<div class=\"elementor-column elementor-col-100 elementor-top-column elementor-element elementor-element-e960375\" data-id=\"e960375\" data-element_type=\"column\" data-e-type=\"column\">\n\t\t\t<div class=\"elementor-widget-wrap elementor-element-populated\">\n\t\t\t\t\t\t<div class=\"elementor-element elementor-element-0d82fc2 elementor-invisible elementor-widget elementor-widget-heading\" data-id=\"0d82fc2\" data-element_type=\"widget\" data-e-type=\"widget\" data-settings=\"{&quot;_animation&quot;:&quot;fadeInDown&quot;}\" data-widget_type=\"heading.default\">\n\t\t\t\t<div class=\"elementor-widget-container\">\n\t\t\t\t\t<h2 class=\"elementor-heading-title elementor-size-default\">Quem Somos<\/h2>\t\t\t\t<\/div>\n\t\t\t\t<\/div>\n\t\t\t\t<div class=\"elementor-element elementor-element-0ccfcfd elementor-invisible elementor-widget elementor-widget-text-editor\" data-id=\"0ccfcfd\" data-element_type=\"widget\" data-e-type=\"widget\" data-settings=\"{&quot;_animation&quot;:&quot;fadeInUp&quot;}\" data-widget_type=\"text-editor.default\">\n\t\t\t\t<div class=\"elementor-widget-container\">\n\t\t\t\t\t\t\t\t\t<p>Descubra como atuamos para proteger a Caatinga e promover a sustentabilidade.<\/p>\t\t\t\t\t\t\t\t<\/div>\n\t\t\t\t<\/div>\n\t\t\t\t\t<\/div>\n\t\t<\/div>\n\t\t\t\t\t<\/div>\n\t\t<\/section>\n\t\t\t\t<section class=\"elementor-section elementor-top-section elementor-element elementor-element-65dd3d1c elementor-section-full_width elementor-section-height-default elementor-section-height-default\" data-id=\"65dd3d1c\" data-element_type=\"section\" data-e-type=\"section\" data-settings=\"{&quot;background_background&quot;:&quot;classic&quot;}\">\n\t\t\t\t\t\t\t<div class=\"elementor-background-overlay\"><\/div>\n\t\t\t\t\t\t\t<div class=\"elementor-container elementor-column-gap-default\">\n\t\t\t\t\t<div class=\"elementor-column elementor-col-100 elementor-top-column elementor-element elementor-element-70e2f010\" data-id=\"70e2f010\" data-element_type=\"column\" data-e-type=\"column\">\n\t\t\t<div class=\"elementor-widget-wrap elementor-element-populated\">\n\t\t\t\t\t\t<section class=\"elementor-section elementor-inner-section elementor-element elementor-element-27e5b039 elementor-section-boxed elementor-section-height-default elementor-section-height-default\" data-id=\"27e5b039\" data-element_type=\"section\" data-e-type=\"section\">\n\t\t\t\t\t\t<div class=\"elementor-container elementor-column-gap-default\">\n\t\t\t\t\t<div class=\"elementor-column elementor-col-50 elementor-inner-column elementor-element elementor-element-16da5a19\" data-id=\"16da5a19\" data-element_type=\"column\" data-e-type=\"column\">\n\t\t\t<div class=\"elementor-widget-wrap elementor-element-populated\">\n\t\t\t\t\t\t<div class=\"elementor-element elementor-element-494fe7ed elementor-widget-tablet__width-inherit elementor-widget elementor-widget-image\" data-id=\"494fe7ed\" data-element_type=\"widget\" data-e-type=\"widget\" data-widget_type=\"image.default\">\n\t\t\t\t<div class=\"elementor-widget-container\">\n\t\t\t\t\t\t\t\t\t\t\t\t\t\t\t<img fetchpriority=\"high\" decoding=\"async\" width=\"600\" height=\"400\" src=\"https:\/\/institutososcaatinga.com.br\/2025\/wp-content\/uploads\/2025\/02\/post_imagem_de_capa.png\" class=\"attachment-large size-large wp-image-1099\" alt=\"\" srcset=\"https:\/\/institutososcaatinga.com.br\/2025\/wp-content\/uploads\/2025\/02\/post_imagem_de_capa.png 600w, https:\/\/institutososcaatinga.com.br\/2025\/wp-content\/uploads\/2025\/02\/post_imagem_de_capa-300x200.png 300w\" sizes=\"(max-width: 600px) 100vw, 600px\" \/>\t\t\t\t\t\t\t\t\t\t\t\t\t\t\t<\/div>\n\t\t\t\t<\/div>\n\t\t\t\t\t<\/div>\n\t\t<\/div>\n\t\t\t\t<div class=\"elementor-column elementor-col-50 elementor-inner-column elementor-element elementor-element-209d64ac\" data-id=\"209d64ac\" data-element_type=\"column\" data-e-type=\"column\">\n\t\t\t<div class=\"elementor-widget-wrap elementor-element-populated\">\n\t\t\t\t\t\t<div class=\"elementor-element elementor-element-4af60558 elementor-widget elementor-widget-heading\" data-id=\"4af60558\" data-element_type=\"widget\" data-e-type=\"widget\" data-widget_type=\"heading.default\">\n\t\t\t\t<div class=\"elementor-widget-container\">\n\t\t\t\t\t<h2 class=\"elementor-heading-title elementor-size-default\">\nNossa Empresa<\/h2>\t\t\t\t<\/div>\n\t\t\t\t<\/div>\n\t\t\t\t<div class=\"elementor-element elementor-element-562759ba elementor-widget elementor-widget-heading\" data-id=\"562759ba\" data-element_type=\"widget\" data-e-type=\"widget\" data-widget_type=\"heading.default\">\n\t\t\t\t<div class=\"elementor-widget-container\">\n\t\t\t\t\t<h2 class=\"elementor-heading-title elementor-size-default\">Por que voc\u00ea vai nos amar<\/h2>\t\t\t\t<\/div>\n\t\t\t\t<\/div>\n\t\t\t\t<div class=\"elementor-element elementor-element-42fb25be elementor-widget elementor-widget-text-editor\" data-id=\"42fb25be\" data-element_type=\"widget\" data-e-type=\"widget\" data-widget_type=\"text-editor.default\">\n\t\t\t\t<div class=\"elementor-widget-container\">\n\t\t\t\t\t\t\t\t\t<p>O Instituto SOS Caatinga se destaca em diversas frentes, abrangendo \u00e1reas cruciais para a preserva\u00e7\u00e3o ambiental. Suas atividades englobam a educa\u00e7\u00e3o ambiental, o resgate e monitoramento de fauna, consultoria ambiental, levantamento de flora e apoio \u00e0 cria\u00e7\u00e3o de \u00e1reas protegidas. Al\u00e9m disso, desempenha um papel crucial no incentivo \u00e0 pesquisa, destacando-se por meio do projeto de conserva\u00e7\u00e3o da esp\u00e9cie de primata <em>Sapajus flavius<\/em>, atualmente amea\u00e7ada de extin\u00e7\u00e3o.<\/p>\t\t\t\t\t\t\t\t<\/div>\n\t\t\t\t<\/div>\n\t\t\t\t\t<\/div>\n\t\t<\/div>\n\t\t\t\t\t<\/div>\n\t\t<\/section>\n\t\t\t\t\t<\/div>\n\t\t<\/div>\n\t\t\t\t\t<\/div>\n\t\t<\/section>\n\t\t\t\t<section class=\"elementor-section elementor-top-section elementor-element elementor-element-5165cfc elementor-section-full_width elementor-section-height-default elementor-section-height-default\" data-id=\"5165cfc\" data-element_type=\"section\" data-e-type=\"section\" data-settings=\"{&quot;background_background&quot;:&quot;classic&quot;}\">\n\t\t\t\t\t\t<div class=\"elementor-container elementor-column-gap-default\">\n\t\t\t\t\t<div class=\"elementor-column elementor-col-50 elementor-top-column elementor-element elementor-element-8191e22\" data-id=\"8191e22\" data-element_type=\"column\" data-e-type=\"column\" data-settings=\"{&quot;background_background&quot;:&quot;classic&quot;}\">\n\t\t\t<div class=\"elementor-widget-wrap elementor-element-populated\">\n\t\t\t\t\t\t<div class=\"elementor-element elementor-element-bb8866d elementor-widget elementor-widget-heading\" data-id=\"bb8866d\" data-element_type=\"widget\" data-e-type=\"widget\" data-widget_type=\"heading.default\">\n\t\t\t\t<div class=\"elementor-widget-container\">\n\t\t\t\t\t<h2 class=\"elementor-heading-title elementor-size-default\">Excel\u00eancia<\/h2>\t\t\t\t<\/div>\n\t\t\t\t<\/div>\n\t\t\t\t<div class=\"elementor-element elementor-element-5abf54c elementor-widget-divider--view-line elementor-widget elementor-widget-divider\" data-id=\"5abf54c\" data-element_type=\"widget\" data-e-type=\"widget\" data-widget_type=\"divider.default\">\n\t\t\t\t<div class=\"elementor-widget-container\">\n\t\t\t\t\t\t\t<div class=\"elementor-divider\">\n\t\t\t<span class=\"elementor-divider-separator\">\n\t\t\t\t\t\t<\/span>\n\t\t<\/div>\n\t\t\t\t\t\t<\/div>\n\t\t\t\t<\/div>\n\t\t\t\t<div class=\"elementor-element elementor-element-88b0e0d elementor-widget elementor-widget-heading\" data-id=\"88b0e0d\" data-element_type=\"widget\" data-e-type=\"widget\" data-widget_type=\"heading.default\">\n\t\t\t\t<div class=\"elementor-widget-container\">\n\t\t\t\t\t<h2 class=\"elementor-heading-title elementor-size-default\">Solu\u00e7\u00f5es de alto n\u00edvel para a preserva\u00e7\u00e3o da Caatinga<\/h2>\t\t\t\t<\/div>\n\t\t\t\t<\/div>\n\t\t\t\t<div class=\"elementor-element elementor-element-1af0e39 elementor-widget elementor-widget-text-editor\" data-id=\"1af0e39\" data-element_type=\"widget\" data-e-type=\"widget\" data-widget_type=\"text-editor.default\">\n\t\t\t\t<div class=\"elementor-widget-container\">\n\t\t\t\t\t\t\t\t\t<p><br \/>Ao trabalhar incansavelmente nessas esferas, o Instituto SOS Caatinga n\u00e3o apenas contribui para a manuten\u00e7\u00e3o do equil\u00edbrio ecol\u00f3gico, mas tamb\u00e9m promove a conscientiza\u00e7\u00e3o ambiental e a sustentabilidade. Seu compromisso abrangente com a preserva\u00e7\u00e3o ambiental faz dela uma for\u00e7a vital na defesa da biodiversidade.<\/p>\t\t\t\t\t\t\t\t<\/div>\n\t\t\t\t<\/div>\n\t\t\t\t\t<\/div>\n\t\t<\/div>\n\t\t\t\t<div class=\"elementor-column elementor-col-50 elementor-top-column elementor-element elementor-element-6388d3e\" data-id=\"6388d3e\" data-element_type=\"column\" data-e-type=\"column\" data-settings=\"{&quot;background_background&quot;:&quot;classic&quot;}\">\n\t\t\t<div class=\"elementor-widget-wrap elementor-element-populated\">\n\t\t\t\t\t\t<section class=\"elementor-section elementor-inner-section elementor-element elementor-element-6da5042 elementor-section-boxed elementor-section-height-default elementor-section-height-default\" data-id=\"6da5042\" data-element_type=\"section\" data-e-type=\"section\">\n\t\t\t\t\t\t<div class=\"elementor-container elementor-column-gap-default\">\n\t\t\t\t\t<div class=\"elementor-column elementor-col-50 elementor-inner-column elementor-element elementor-element-664750d envato-kit-53-hvr-float-shadow\" data-id=\"664750d\" data-element_type=\"column\" data-e-type=\"column\" data-settings=\"{&quot;background_background&quot;:&quot;classic&quot;}\">\n\t\t\t<div class=\"elementor-widget-wrap elementor-element-populated\">\n\t\t\t\t\t\t<div class=\"elementor-element elementor-element-c0eab79 elementor-position-top elementor-widget elementor-widget-image-box\" data-id=\"c0eab79\" data-element_type=\"widget\" data-e-type=\"widget\" data-widget_type=\"image-box.default\">\n\t\t\t\t<div class=\"elementor-widget-container\">\n\t\t\t\t\t<div class=\"elementor-image-box-wrapper\"><figure class=\"elementor-image-box-img\"><img decoding=\"async\" width=\"64\" height=\"64\" src=\"https:\/\/institutososcaatinga.com.br\/2025\/wp-content\/uploads\/2025\/02\/world.png\" class=\"attachment-full size-full wp-image-37\" alt=\"\" \/><\/figure><div class=\"elementor-image-box-content\"><h3 class=\"elementor-image-box-title\">Miss\u00e3o<\/h3><p class=\"elementor-image-box-description\">Promover a conserva\u00e7\u00e3o e o uso sustent\u00e1vel da Caatinga por meio da educa\u00e7\u00e3o ambiental, pesquisa cient\u00edfica, restaura\u00e7\u00e3o ecol\u00f3gica e a\u00e7\u00f5es comunit\u00e1rias, envolvendo a prote\u00e7\u00e3o da biodiversidade, a mitiga\u00e7\u00e3o das mudan\u00e7as clim\u00e1ticas e a melhoria da qualidade de vida das popula\u00e7\u00f5es que dependem desse bioma.<\/p><\/div><\/div>\t\t\t\t<\/div>\n\t\t\t\t<\/div>\n\t\t\t\t\t<\/div>\n\t\t<\/div>\n\t\t\t\t<div class=\"elementor-column elementor-col-50 elementor-inner-column elementor-element elementor-element-830ccc4 envato-kit-53-hvr-float-shadow\" data-id=\"830ccc4\" data-element_type=\"column\" data-e-type=\"column\" data-settings=\"{&quot;background_background&quot;:&quot;classic&quot;}\">\n\t\t\t<div class=\"elementor-widget-wrap elementor-element-populated\">\n\t\t\t\t\t\t<div class=\"elementor-element elementor-element-21fd5ec elementor-position-top elementor-widget elementor-widget-image-box\" data-id=\"21fd5ec\" data-element_type=\"widget\" data-e-type=\"widget\" data-widget_type=\"image-box.default\">\n\t\t\t\t<div class=\"elementor-widget-container\">\n\t\t\t\t\t<div class=\"elementor-image-box-wrapper\"><figure class=\"elementor-image-box-img\"><img decoding=\"async\" width=\"64\" height=\"64\" src=\"https:\/\/institutososcaatinga.com.br\/2025\/wp-content\/uploads\/2025\/02\/order.png\" class=\"attachment-full size-full wp-image-38\" alt=\"\" \/><\/figure><div class=\"elementor-image-box-content\"><h3 class=\"elementor-image-box-title\">Vis\u00e3o<\/h3><p class=\"elementor-image-box-description\">Ser refer\u00eancia nacional na defesa, valoriza\u00e7\u00e3o e restaura\u00e7\u00e3o da Caatinga, inspirando pol\u00edticas p\u00fablicas, mobilizando a sociedade e promovendo pr\u00e1ticas sustent\u00e1veis \u200b\u200bque assegurem um futuro equilibrado entre o meio ambiente e o desenvolvimento socioecon\u00f4mico.<\/p><\/div><\/div>\t\t\t\t<\/div>\n\t\t\t\t<\/div>\n\t\t\t\t\t<\/div>\n\t\t<\/div>\n\t\t\t\t\t<\/div>\n\t\t<\/section>\n\t\t\t\t<section class=\"elementor-section elementor-inner-section elementor-element elementor-element-1cfb6b7 elementor-section-boxed elementor-section-height-default elementor-section-height-default\" data-id=\"1cfb6b7\" data-element_type=\"section\" data-e-type=\"section\">\n\t\t\t\t\t\t<div class=\"elementor-container elementor-column-gap-default\">\n\t\t\t\t\t<div class=\"elementor-column elementor-col-50 elementor-inner-column elementor-element elementor-element-b17ae51 envato-kit-53-hvr-float-shadow\" data-id=\"b17ae51\" data-element_type=\"column\" data-e-type=\"column\" data-settings=\"{&quot;background_background&quot;:&quot;classic&quot;}\">\n\t\t\t<div class=\"elementor-widget-wrap elementor-element-populated\">\n\t\t\t\t\t\t<div class=\"elementor-element elementor-element-e060009 elementor-position-top elementor-widget elementor-widget-image-box\" data-id=\"e060009\" data-element_type=\"widget\" data-e-type=\"widget\" data-widget_type=\"image-box.default\">\n\t\t\t\t<div class=\"elementor-widget-container\">\n\t\t\t\t\t<div class=\"elementor-image-box-wrapper\"><figure class=\"elementor-image-box-img\"><img loading=\"lazy\" decoding=\"async\" width=\"64\" height=\"64\" src=\"https:\/\/institutososcaatinga.com.br\/2025\/wp-content\/uploads\/2025\/02\/delivery-truck.png\" class=\"attachment-full size-full wp-image-39\" alt=\"\" \/><\/figure><div class=\"elementor-image-box-content\"><h3 class=\"elementor-image-box-title\">Valores<\/h3><p class=\"elementor-image-box-description\">Sustentabilidade; \u00c9tica e Transpar\u00eancia; Educa\u00e7\u00e3o e Conscientiza\u00e7\u00e3o; Inclus\u00e3o e Participa\u00e7\u00e3o; Inova\u00e7\u00e3o e Tecnologia; Resili\u00eancia Clim\u00e1tica; Valoriza\u00e7\u00e3o Cultural.<\/p><\/div><\/div>\t\t\t\t<\/div>\n\t\t\t\t<\/div>\n\t\t\t\t\t<\/div>\n\t\t<\/div>\n\t\t\t\t<div class=\"elementor-column elementor-col-50 elementor-inner-column elementor-element elementor-element-10a4568 envato-kit-53-hvr-float-shadow\" data-id=\"10a4568\" data-element_type=\"column\" data-e-type=\"column\" data-settings=\"{&quot;background_background&quot;:&quot;classic&quot;}\">\n\t\t\t<div class=\"elementor-widget-wrap elementor-element-populated\">\n\t\t\t\t\t\t<div class=\"elementor-element elementor-element-a4f438a elementor-position-top elementor-widget elementor-widget-image-box\" data-id=\"a4f438a\" data-element_type=\"widget\" data-e-type=\"widget\" data-widget_type=\"image-box.default\">\n\t\t\t\t<div class=\"elementor-widget-container\">\n\t\t\t\t\t<div class=\"elementor-image-box-wrapper\"><figure class=\"elementor-image-box-img\"><img loading=\"lazy\" decoding=\"async\" width=\"64\" height=\"64\" src=\"https:\/\/institutososcaatinga.com.br\/2025\/wp-content\/uploads\/2025\/02\/warehouse.png\" class=\"attachment-full size-full wp-image-40\" alt=\"\" \/><\/figure><div class=\"elementor-image-box-content\"><h3 class=\"elementor-image-box-title\">Objetivos<\/h3><p class=\"elementor-image-box-description\">Conservar e Preservar fragmentos da Caatinga;\nAssistir a comunidades tradi\u00e7\u00f5es do sert\u00e3o;\nCriar um Centro de estudos cient\u00edficos da Caatinga alagoana;\nRealizar levantamento, monitoramento e resgate de Fauna;\nCriar projetos para o reflorestamento da Caatinga;<\/p><\/div><\/div>\t\t\t\t<\/div>\n\t\t\t\t<\/div>\n\t\t\t\t\t<\/div>\n\t\t<\/div>\n\t\t\t\t\t<\/div>\n\t\t<\/section>\n\t\t\t\t\t<\/div>\n\t\t<\/div>\n\t\t\t\t\t<\/div>\n\t\t<\/section>\n\t\t\t\t<\/div>\n\t\t","protected":false},"excerpt":{"rendered":"<p>Quem Somos Descubra como atuamos para proteger a Caatinga e promover a sustentabilidade. Nossa Empresa Por que voc\u00ea vai nos amar O Instituto SOS Caatinga se destaca em diversas frentes, abrangendo \u00e1reas cruciais para a preserva\u00e7\u00e3o ambiental. Suas atividades englobam a educa\u00e7\u00e3o ambiental, o resgate e monitoramento de fauna, consultoria ambiental, levantamento de flora e [&hellip;]<\/p>\n","protected":false},"author":1,"featured_media":0,"parent":0,"menu_order":0,"comment_status":"closed","ping_status":"closed","template":"elementor_header_footer","meta":{"footnotes":""},"class_list":["post-17","page","type-page","status-publish","hentry"],"_links":{"self":[{"href":"https:\/\/institutososcaatinga.com.br\/2025\/wp-json\/wp\/v2\/pages\/17","targetHints":{"allow":["GET"]}}],"collection":[{"href":"https:\/\/institutososcaatinga.com.br\/2025\/wp-json\/wp\/v2\/pages"}],"about":[{"href":"https:\/\/institutososcaatinga.com.br\/2025\/wp-json\/wp\/v2\/types\/page"}],"author":[{"embeddable":true,"href":"https:\/\/institutososcaatinga.com.br\/2025\/wp-json\/wp\/v2\/users\/1"}],"replies":[{"embeddable":true,"href":"https:\/\/institutososcaatinga.com.br\/2025\/wp-json\/wp\/v2\/comments?post=17"}],"version-history":[{"count":70,"href":"https:\/\/institutososcaatinga.com.br\/2025\/wp-json\/wp\/v2\/pages\/17\/revisions"}],"predecessor-version":[{"id":2208,"href":"https:\/\/institutososcaatinga.com.br\/2025\/wp-json\/wp\/v2\/pages\/17\/revisions\/2208"}],"wp:attachment":[{"href":"https:\/\/institutososcaatinga.com.br\/2025\/wp-json\/wp\/v2\/media?parent=17"}],"curies":[{"name":"wp","href":"https:\/\/api.w.org\/{rel}","templated":true}]}}